{"id":991,"date":"2023-02-08T03:01:26","date_gmt":"2023-02-08T03:01:26","guid":{"rendered":"https:\/\/nuevapaginafencoop.dimasrodriguezc.com\/wp\/?page_id=991"},"modified":"2025-10-02T01:41:53","modified_gmt":"2025-10-02T01:41:53","slug":"cth-systems-group-solutions","status":"publish","type":"page","link":"https:\/\/fencoop.org.do\/index.php\/cth-systems-group-solutions\/","title":{"rendered":"CTH-Systems Group Solutions"},"content":{"rendered":"\t\t<div data-elementor-type=\"wp-page\" data-elementor-id=\"991\" class=\"elementor elementor-991\">\n\t\t\t\t\t\t<section class=\"elementor-section elementor-top-section elementor-element elementor-element-8dc41f4 elementor-section-boxed elementor-section-height-default elementor-section-height-default elementor-invisible\" data-id=\"8dc41f4\" data-element_type=\"section\" data-e-type=\"section\" data-settings=\"{&quot;background_background&quot;:&quot;classic&quot;,&quot;animation&quot;:&quot;fadeIn&quot;}\">\n\t\t\t\t\t\t\t<div class=\"elementor-background-overlay\"><\/div>\n\t\t\t\t\t\t\t<div class=\"elementor-container elementor-column-gap-default\">\n\t\t\t\t\t<div class=\"elementor-column elementor-col-100 elementor-top-column elementor-element elementor-element-3738387\" data-id=\"3738387\" data-element_type=\"column\" data-e-type=\"column\">\n\t\t\t<div class=\"elementor-widget-wrap\">\n\t\t\t\t\t\t\t<\/div>\n\t\t<\/div>\n\t\t\t\t\t<\/div>\n\t\t<\/section>\n\t\t\t\t<section class=\"elementor-section elementor-top-section elementor-element elementor-element-5867e03 elementor-section-boxed elementor-section-height-default elementor-section-height-default elementor-invisible\" data-id=\"5867e03\" data-element_type=\"section\" data-e-type=\"section\" data-settings=\"{&quot;animation&quot;:&quot;bounceIn&quot;}\">\n\t\t\t\t\t\t<div class=\"elementor-container elementor-column-gap-default\">\n\t\t\t\t\t<div class=\"elementor-column elementor-col-100 elementor-top-column elementor-element elementor-element-4d01ce7\" data-id=\"4d01ce7\" data-element_type=\"column\" data-e-type=\"column\">\n\t\t\t<div class=\"elementor-widget-wrap elementor-element-populated\">\n\t\t\t\t\t\t<section class=\"elementor-section elementor-inner-section elementor-element elementor-element-3ab2654 elementor-section-boxed elementor-section-height-default elementor-section-height-default\" data-id=\"3ab2654\" data-element_type=\"section\" data-e-type=\"section\">\n\t\t\t\t\t\t<div class=\"elementor-container elementor-column-gap-default\">\n\t\t\t\t\t<div class=\"elementor-column elementor-col-50 elementor-inner-column elementor-element elementor-element-98db03c\" data-id=\"98db03c\" data-element_type=\"column\" data-e-type=\"column\">\n\t\t\t<div class=\"elementor-widget-wrap elementor-element-populated\">\n\t\t\t\t\t\t<div class=\"elementor-element elementor-element-ce75a1f elementor-widget-tablet__width-initial elementor-widget-mobile__width-initial elementor-widget elementor-widget-image\" data-id=\"ce75a1f\" data-element_type=\"widget\" data-e-type=\"widget\" data-widget_type=\"image.default\">\n\t\t\t\t<div class=\"elementor-widget-container\">\n\t\t\t\t\t\t\t\t\t\t\t\t\t\t\t<img fetchpriority=\"high\" decoding=\"async\" width=\"595\" height=\"544\" src=\"https:\/\/fencoop.org.do\/wp-content\/uploads\/2024\/05\/CTH-CTH-SYSTEMS-GROUP-SOLUTIONS.png.webp\" class=\"attachment-large size-large wp-image-3847\" alt=\"\" srcset=\"https:\/\/fencoop.org.do\/wp-content\/uploads\/2024\/05\/CTH-CTH-SYSTEMS-GROUP-SOLUTIONS.png.webp 595w, https:\/\/fencoop.org.do\/wp-content\/uploads\/2024\/05\/CTH-CTH-SYSTEMS-GROUP-SOLUTIONS.png-300x274.webp 300w\" sizes=\"(max-width: 595px) 100vw, 595px\" \/>\t\t\t\t\t\t\t\t\t\t\t\t\t\t\t<\/div>\n\t\t\t\t<\/div>\n\t\t\t\t\t<\/div>\n\t\t<\/div>\n\t\t\t\t<div class=\"elementor-column elementor-col-50 elementor-inner-column elementor-element elementor-element-03fb962\" data-id=\"03fb962\" data-element_type=\"column\" data-e-type=\"column\">\n\t\t\t<div class=\"elementor-widget-wrap elementor-element-populated\">\n\t\t\t\t\t\t<div class=\"elementor-element elementor-element-03a940d elementor-widget-tablet__width-initial elementor-widget elementor-widget-heading\" data-id=\"03a940d\" data-element_type=\"widget\" data-e-type=\"widget\" data-widget_type=\"heading.default\">\n\t\t\t\t<div class=\"elementor-widget-container\">\n\t\t\t\t\t<h2 class=\"elementor-heading-title elementor-size-default\">CTH-Systems Group Solutions<\/h2>\t\t\t\t<\/div>\n\t\t\t\t<\/div>\n\t\t\t\t\t<\/div>\n\t\t<\/div>\n\t\t\t\t\t<\/div>\n\t\t<\/section>\n\t\t\t\t\t<\/div>\n\t\t<\/div>\n\t\t\t\t\t<\/div>\n\t\t<\/section>\n\t\t\t\t<section class=\"elementor-section elementor-top-section elementor-element elementor-element-60add57 elementor-section-boxed elementor-section-height-default elementor-section-height-default\" data-id=\"60add57\" data-element_type=\"section\" data-e-type=\"section\">\n\t\t\t\t\t\t<div class=\"elementor-container elementor-column-gap-default\">\n\t\t\t\t\t<div class=\"elementor-column elementor-col-100 elementor-top-column elementor-element elementor-element-5cd8a01\" data-id=\"5cd8a01\" data-element_type=\"column\" data-e-type=\"column\">\n\t\t\t<div class=\"elementor-widget-wrap\">\n\t\t\t\t\t\t\t<\/div>\n\t\t<\/div>\n\t\t\t\t\t<\/div>\n\t\t<\/section>\n\t\t\t\t<section class=\"elementor-section elementor-top-section elementor-element elementor-element-780de60 elementor-section-boxed elementor-section-height-default elementor-section-height-default\" data-id=\"780de60\" data-element_type=\"section\" data-e-type=\"section\">\n\t\t\t\t\t\t<div class=\"elementor-container elementor-column-gap-default\">\n\t\t\t\t\t<div class=\"elementor-column elementor-col-50 elementor-top-column elementor-element elementor-element-1e8f5cf elementor-invisible\" data-id=\"1e8f5cf\" data-element_type=\"column\" data-e-type=\"column\" data-settings=\"{&quot;animation&quot;:&quot;fadeInLeft&quot;}\">\n\t\t\t<div class=\"elementor-widget-wrap elementor-element-populated\">\n\t\t\t\t\t\t<div class=\"elementor-element elementor-element-243ac76 elementor-widget-tablet__width-initial elementor-widget elementor-widget-text-editor\" data-id=\"243ac76\" data-element_type=\"widget\" data-e-type=\"widget\" data-widget_type=\"text-editor.default\">\n\t\t\t\t<div class=\"elementor-widget-container\">\n\t\t\t\t\t\t\t\t\t<p class=\"p1\"><span class=\"s1\">Igualmente importante es la alianza de FENCOOP con la empresa CTH SYSTEMS GROUP SOLUTIONS, para suplir a las cooperativas afiliadas, v\u00eda la Federaci\u00f3n, la herramienta CTH360, un sistema web con las \u00faltimas tendencias en dise\u00f1o y experiencia de usuario que se encarga de la gesti\u00f3n de riesgo y control del lavado de activos en las instituciones financieras y a la medida de cada organizaci\u00f3n, considerando los flujos de sus procesos internos, su tama\u00f1o, estructura, caracter\u00edsticas, actividad econ\u00f3mica que realice y presencia en el mercado.<\/span><\/p><p class=\"p1\"><span class=\"s1\">La herramienta CTH360 es un sistema web con las \u00faltimas tendencias en dise\u00f1o y experiencia de usuario, conteniendo los siguientes beneficios y funcionalidades:<\/span><\/p>\t\t\t\t\t\t\t\t<\/div>\n\t\t\t\t<\/div>\n\t\t\t\t\t<\/div>\n\t\t<\/div>\n\t\t\t\t<div class=\"elementor-column elementor-col-50 elementor-top-column elementor-element elementor-element-a72edf3 elementor-invisible\" data-id=\"a72edf3\" data-element_type=\"column\" data-e-type=\"column\" data-settings=\"{&quot;animation&quot;:&quot;fadeInLeft&quot;}\">\n\t\t\t<div class=\"elementor-widget-wrap elementor-element-populated\">\n\t\t\t\t\t\t<div class=\"elementor-element elementor-element-3824f0f elementor-widget-tablet__width-initial elementor-widget-mobile__width-initial elementor-widget elementor-widget-text-editor\" data-id=\"3824f0f\" data-element_type=\"widget\" data-e-type=\"widget\" data-widget_type=\"text-editor.default\">\n\t\t\t\t<div class=\"elementor-widget-container\">\n\t\t\t\t\t\t\t\t\t<p class=\"p1\"><span class=\"s1\">Ofrece una soluci\u00f3n para la gesti\u00f3n y administraci\u00f3n de informaci\u00f3n a trav\u00e9s de correctas y adecuadas tecnolog\u00edas<\/span><\/p><p class=\"p1\"><span class=\"s1\"> Se obtiene informaci\u00f3n certera y oportuna a trav\u00e9s de reportes y consultas.<\/span><\/p><p class=\"p1\"><span class=\"s1\">Pone a su disposici\u00f3n un entorno seguro y confiable con la m\u00e1s alta tecnolog\u00eda y las \u00faltimas tendencias en experiencia de usuario (UX), garantizando de esta forma agilidad y velocidad en los procesos.<\/span><\/p><p class=\"p1\"><span class=\"s1\">Flexibilidad y eficiencia en el uso del sistema, integrando herramientas de uso frecuente para aumentar la productividad de los usuarios.<\/span><\/p>\t\t\t\t\t\t\t\t<\/div>\n\t\t\t\t<\/div>\n\t\t\t\t\t<\/div>\n\t\t<\/div>\n\t\t\t\t\t<\/div>\n\t\t<\/section>\n\t\t\t\t<\/div>\n\t\t","protected":false},"excerpt":{"rendered":"<p>CTH-Systems Group Solutions Igualmente importante es la alianza de FENCOOP con la empresa CTH SYSTEMS GROUP SOLUTIONS, para suplir a las cooperativas afiliadas, v\u00eda la Federaci\u00f3n, la herramienta CTH360, un sistema web con las \u00faltimas tendencias en dise\u00f1o y experiencia de usuario que se encarga de la gesti\u00f3n de riesgo y control del lavado de [&hellip;]<\/p>\n","protected":false},"author":1,"featured_media":0,"parent":0,"menu_order":0,"comment_status":"closed","ping_status":"closed","template":"","meta":{"_eb_attr":"","site-sidebar-layout":"no-sidebar","site-content-layout":"page-builder","ast-site-content-layout":"","site-content-style":"default","site-sidebar-style":"default","ast-global-header-display":"","ast-banner-title-visibility":"","ast-main-header-display":"","ast-hfb-above-header-display":"","ast-hfb-below-header-display":"","ast-hfb-mobile-header-display":"","site-post-title":"disabled","ast-breadcrumbs-content":"","ast-featured-img":"disabled","footer-sml-layout":"","theme-transparent-header-meta":"","adv-header-id-meta":"","stick-header-meta":"","header-above-stick-meta":"","header-main-stick-meta":"","header-below-stick-meta":"","astra-migrate-meta-layouts":"default","ast-page-background-enabled":"default","ast-page-background-meta":{"desktop":{"background-color":"var(--ast-global-color-4)","background-image":"","background-repeat":"repeat","background-position":"center center","background-size":"auto","background-attachment":"scroll","background-type":"","background-media":"","overlay-type":"","overlay-color":"","overlay-opacity":"","overlay-gradient":""},"tablet":{"background-color":"","background-image":"","background-repeat":"repeat","background-position":"center center","background-size":"auto","background-attachment":"scroll","background-type":"","background-media":"","overlay-type":"","overlay-color":"","overlay-opacity":"","overlay-gradient":""},"mobile":{"background-color":"","background-image":"","background-repeat":"repeat","background-position":"center center","background-size":"auto","background-attachment":"scroll","background-type":"","background-media":"","overlay-type":"","overlay-color":"","overlay-opacity":"","overlay-gradient":""}},"ast-content-background-meta":{"desktop":{"background-color":"var(--ast-global-color-5)","background-image":"","background-repeat":"repeat","background-position":"center center","background-size":"auto","background-attachment":"scroll","background-type":"","background-media":"","overlay-type":"","overlay-color":"","overlay-opacity":"","overlay-gradient":""},"tablet":{"background-color":"var(--ast-global-color-5)","background-image":"","background-repeat":"repeat","background-position":"center center","background-size":"auto","background-attachment":"scroll","background-type":"","background-media":"","overlay-type":"","overlay-color":"","overlay-opacity":"","overlay-gradient":""},"mobile":{"background-color":"var(--ast-global-color-5)","background-image":"","background-repeat":"repeat","background-position":"center center","background-size":"auto","background-attachment":"scroll","background-type":"","background-media":"","overlay-type":"","overlay-color":"","overlay-opacity":"","overlay-gradient":""}},"footnotes":""},"class_list":["post-991","page","type-page","status-publish","hentry"],"_links":{"self":[{"href":"https:\/\/fencoop.org.do\/index.php\/wp-json\/wp\/v2\/pages\/991","targetHints":{"allow":["GET"]}}],"collection":[{"href":"https:\/\/fencoop.org.do\/index.php\/wp-json\/wp\/v2\/pages"}],"about":[{"href":"https:\/\/fencoop.org.do\/index.php\/wp-json\/wp\/v2\/types\/page"}],"author":[{"embeddable":true,"href":"https:\/\/fencoop.org.do\/index.php\/wp-json\/wp\/v2\/users\/1"}],"replies":[{"embeddable":true,"href":"https:\/\/fencoop.org.do\/index.php\/wp-json\/wp\/v2\/comments?post=991"}],"version-history":[{"count":57,"href":"https:\/\/fencoop.org.do\/index.php\/wp-json\/wp\/v2\/pages\/991\/revisions"}],"predecessor-version":[{"id":6581,"href":"https:\/\/fencoop.org.do\/index.php\/wp-json\/wp\/v2\/pages\/991\/revisions\/6581"}],"wp:attachment":[{"href":"https:\/\/fencoop.org.do\/index.php\/wp-json\/wp\/v2\/media?parent=991"}],"curies":[{"name":"wp","href":"https:\/\/api.w.org\/{rel}","templated":true}]}}