{"id":985,"date":"2023-02-08T02:56:27","date_gmt":"2023-02-08T02:56:27","guid":{"rendered":"https:\/\/nuevapaginafencoop.dimasrodriguezc.com\/wp\/?page_id=985"},"modified":"2025-10-02T01:37:32","modified_gmt":"2025-10-02T01:37:32","slug":"airac","status":"publish","type":"page","link":"https:\/\/fencoop.org.do\/index.php\/airac\/","title":{"rendered":"Airac"},"content":{"rendered":"\t\t<div data-elementor-type=\"wp-page\" data-elementor-id=\"985\" class=\"elementor elementor-985\">\n\t\t\t\t\t\t<section class=\"elementor-section elementor-top-section elementor-element elementor-element-f389da0 elementor-section-boxed elementor-section-height-default elementor-section-height-default elementor-invisible\" data-id=\"f389da0\" data-element_type=\"section\" data-e-type=\"section\" data-settings=\"{&quot;background_background&quot;:&quot;classic&quot;,&quot;animation&quot;:&quot;fadeIn&quot;}\">\n\t\t\t\t\t\t\t<div class=\"elementor-background-overlay\"><\/div>\n\t\t\t\t\t\t\t<div class=\"elementor-container elementor-column-gap-default\">\n\t\t\t\t\t<div class=\"elementor-column elementor-col-100 elementor-top-column elementor-element elementor-element-951f1e1\" data-id=\"951f1e1\" data-element_type=\"column\" data-e-type=\"column\">\n\t\t\t<div class=\"elementor-widget-wrap\">\n\t\t\t\t\t\t\t<\/div>\n\t\t<\/div>\n\t\t\t\t\t<\/div>\n\t\t<\/section>\n\t\t\t\t<section class=\"elementor-section elementor-top-section elementor-element elementor-element-fdfc735 elementor-section-boxed elementor-section-height-default elementor-section-height-default\" data-id=\"fdfc735\" data-element_type=\"section\" data-e-type=\"section\">\n\t\t\t\t\t\t<div class=\"elementor-container elementor-column-gap-default\">\n\t\t\t\t\t<div class=\"elementor-column elementor-col-100 elementor-top-column elementor-element elementor-element-6cb5067\" data-id=\"6cb5067\" data-element_type=\"column\" data-e-type=\"column\">\n\t\t\t<div class=\"elementor-widget-wrap elementor-element-populated\">\n\t\t\t\t\t\t<div class=\"elementor-element elementor-element-f75401a elementor-widget-tablet__width-initial elementor-widget elementor-widget-image\" data-id=\"f75401a\" data-element_type=\"widget\" data-e-type=\"widget\" data-widget_type=\"image.default\">\n\t\t\t\t<div class=\"elementor-widget-container\">\n\t\t\t\t\t\t\t\t\t\t\t\t\t\t\t<img decoding=\"async\" width=\"259\" height=\"110\" src=\"https:\/\/fencoop.org.do\/wp-content\/uploads\/2023\/01\/nuevo-logo-airac-1.png\" class=\"attachment-large size-large wp-image-339\" alt=\"\" \/>\t\t\t\t\t\t\t\t\t\t\t\t\t\t\t<\/div>\n\t\t\t\t<\/div>\n\t\t\t\t\t<\/div>\n\t\t<\/div>\n\t\t\t\t\t<\/div>\n\t\t<\/section>\n\t\t\t\t<section class=\"elementor-section elementor-top-section elementor-element elementor-element-1d12725 elementor-section-boxed elementor-section-height-default elementor-section-height-default\" data-id=\"1d12725\" data-element_type=\"section\" data-e-type=\"section\">\n\t\t\t\t\t\t<div class=\"elementor-container elementor-column-gap-default\">\n\t\t\t\t\t<div class=\"elementor-column elementor-col-50 elementor-top-column elementor-element elementor-element-411d3d2 elementor-invisible\" data-id=\"411d3d2\" data-element_type=\"column\" data-e-type=\"column\" data-settings=\"{&quot;animation&quot;:&quot;fadeInUp&quot;}\">\n\t\t\t<div class=\"elementor-widget-wrap elementor-element-populated\">\n\t\t\t\t\t\t<div class=\"elementor-element elementor-element-fafe14f elementor-widget-mobile__width-initial elementor-widget elementor-widget-text-editor\" data-id=\"fafe14f\" data-element_type=\"widget\" data-e-type=\"widget\" data-widget_type=\"text-editor.default\">\n\t\t\t\t<div class=\"elementor-widget-container\">\n\t\t\t\t\t\t\t\t\t<p class=\"p1\"><span class=\"s1\">La Federaci\u00f3n Nacional de Cooperativas de Ahorro y Cr\u00e9dito y Afines, Inc. (FENCOOP) ha establecido una alianza estrat\u00e9gica con la Asociaci\u00f3n de Instituciones Rurales de Ahorro y Cr\u00e9dito, Inc. (AIRAC), con el fin de realizar acciones comunes en beneficio de las cooperativas afiliadas a ambas instituciones y del sector cooperativo, en sentido general.<\/span><\/p><p class=\"p1\"><span class=\"s1\">Ambas organizaciones se complementan una a otra y trabajan en coordinaci\u00f3n para el desarrollo de pol\u00edticas, acorde al compromiso social y econ\u00f3mico de sus cooperativas afiliadas.<\/span><\/p>\t\t\t\t\t\t\t\t<\/div>\n\t\t\t\t<\/div>\n\t\t\t\t\t<\/div>\n\t\t<\/div>\n\t\t\t\t<div class=\"elementor-column elementor-col-50 elementor-top-column elementor-element elementor-element-31cafd1 elementor-invisible\" data-id=\"31cafd1\" data-element_type=\"column\" data-e-type=\"column\" data-settings=\"{&quot;animation&quot;:&quot;fadeInRight&quot;}\">\n\t\t\t<div class=\"elementor-widget-wrap elementor-element-populated\">\n\t\t\t\t\t\t<div class=\"elementor-element elementor-element-6e04fa8 elementor-widget__width-initial elementor-widget elementor-widget-text-editor\" data-id=\"6e04fa8\" data-element_type=\"widget\" data-e-type=\"widget\" data-widget_type=\"text-editor.default\">\n\t\t\t\t<div class=\"elementor-widget-container\">\n\t\t\t\t\t\t\t\t\t<p><span class=\"s1\" data-sider-select-id=\"6e2d2d94-e56c-4b9f-9e40-a74f915ee818\">Adem\u00e1s, tanto en FENCOOP como en AIRAC existe un v\u00ednculo de apoyo en la parte\u00a0t\u00e9cnica y en las relaciones internacionales que actualmente sustentan y sustentar\u00e1n en el futuro. <\/span><span class=\"s1\">Dentro de los acuerdos establecidos en la citada alianza estrat\u00e9gica, AIRAC ha puesto a la disposici\u00f3n de FENCOOP un espacio f\u00edsico dentro del edificio marcado con el n\u00famero 256 de la calle Ar\u00edstides Fiallo Cabral, Ciudad Universitaria, en Santo Domingo, Distrito Nacional, Rep\u00fablica Dominicana, para ser utilizado en labores propias de la Federaci\u00f3n, consagrada.<\/span><\/p>\t\t\t\t\t\t\t\t<\/div>\n\t\t\t\t<\/div>\n\t\t\t\t\t<\/div>\n\t\t<\/div>\n\t\t\t\t\t<\/div>\n\t\t<\/section>\n\t\t\t\t<\/div>\n\t\t","protected":false},"excerpt":{"rendered":"<p>La Federaci\u00f3n Nacional de Cooperativas de Ahorro y Cr\u00e9dito y Afines, Inc. (FENCOOP) ha establecido una alianza estrat\u00e9gica con la Asociaci\u00f3n de Instituciones Rurales de Ahorro y Cr\u00e9dito, Inc. (AIRAC), con el fin de realizar acciones comunes en beneficio de las cooperativas afiliadas a ambas instituciones y del sector cooperativo, en sentido general. Ambas organizaciones [&hellip;]<\/p>\n","protected":false},"author":1,"featured_media":0,"parent":0,"menu_order":0,"comment_status":"closed","ping_status":"closed","template":"","meta":{"_eb_attr":"","site-sidebar-layout":"no-sidebar","site-content-layout":"page-builder","ast-site-content-layout":"","site-content-style":"default","site-sidebar-style":"default","ast-global-header-display":"","ast-banner-title-visibility":"","ast-main-header-display":"","ast-hfb-above-header-display":"","ast-hfb-below-header-display":"","ast-hfb-mobile-header-display":"","site-post-title":"disabled","ast-breadcrumbs-content":"","ast-featured-img":"disabled","footer-sml-layout":"","theme-transparent-header-meta":"","adv-header-id-meta":"","stick-header-meta":"","header-above-stick-meta":"","header-main-stick-meta":"","header-below-stick-meta":"","astra-migrate-meta-layouts":"default","ast-page-background-enabled":"default","ast-page-background-meta":{"desktop":{"background-color":"var(--ast-global-color-4)","background-image":"","background-repeat":"repeat","background-position":"center center","background-size":"auto","background-attachment":"scroll","background-type":"","background-media":"","overlay-type":"","overlay-color":"","overlay-opacity":"","overlay-gradient":""},"tablet":{"background-color":"","background-image":"","background-repeat":"repeat","background-position":"center center","background-size":"auto","background-attachment":"scroll","background-type":"","background-media":"","overlay-type":"","overlay-color":"","overlay-opacity":"","overlay-gradient":""},"mobile":{"background-color":"","background-image":"","background-repeat":"repeat","background-position":"center center","background-size":"auto","background-attachment":"scroll","background-type":"","background-media":"","overlay-type":"","overlay-color":"","overlay-opacity":"","overlay-gradient":""}},"ast-content-background-meta":{"desktop":{"background-color":"var(--ast-global-color-5)","background-image":"","background-repeat":"repeat","background-position":"center center","background-size":"auto","background-attachment":"scroll","background-type":"","background-media":"","overlay-type":"","overlay-color":"","overlay-opacity":"","overlay-gradient":""},"tablet":{"background-color":"var(--ast-global-color-5)","background-image":"","background-repeat":"repeat","background-position":"center center","background-size":"auto","background-attachment":"scroll","background-type":"","background-media":"","overlay-type":"","overlay-color":"","overlay-opacity":"","overlay-gradient":""},"mobile":{"background-color":"var(--ast-global-color-5)","background-image":"","background-repeat":"repeat","background-position":"center center","background-size":"auto","background-attachment":"scroll","background-type":"","background-media":"","overlay-type":"","overlay-color":"","overlay-opacity":"","overlay-gradient":""}},"footnotes":""},"class_list":["post-985","page","type-page","status-publish","hentry"],"_links":{"self":[{"href":"https:\/\/fencoop.org.do\/index.php\/wp-json\/wp\/v2\/pages\/985","targetHints":{"allow":["GET"]}}],"collection":[{"href":"https:\/\/fencoop.org.do\/index.php\/wp-json\/wp\/v2\/pages"}],"about":[{"href":"https:\/\/fencoop.org.do\/index.php\/wp-json\/wp\/v2\/types\/page"}],"author":[{"embeddable":true,"href":"https:\/\/fencoop.org.do\/index.php\/wp-json\/wp\/v2\/users\/1"}],"replies":[{"embeddable":true,"href":"https:\/\/fencoop.org.do\/index.php\/wp-json\/wp\/v2\/comments?post=985"}],"version-history":[{"count":75,"href":"https:\/\/fencoop.org.do\/index.php\/wp-json\/wp\/v2\/pages\/985\/revisions"}],"predecessor-version":[{"id":6578,"href":"https:\/\/fencoop.org.do\/index.php\/wp-json\/wp\/v2\/pages\/985\/revisions\/6578"}],"wp:attachment":[{"href":"https:\/\/fencoop.org.do\/index.php\/wp-json\/wp\/v2\/media?parent=985"}],"curies":[{"name":"wp","href":"https:\/\/api.w.org\/{rel}","templated":true}]}}