{"id":63,"date":"2023-01-17T19:13:52","date_gmt":"2023-01-17T19:13:52","guid":{"rendered":"https:\/\/nuevapaginafencoop.dimasrodriguezc.com\/wp\/?page_id=63"},"modified":"2025-04-10T14:24:57","modified_gmt":"2025-04-10T14:24:57","slug":"alianzas","status":"publish","type":"page","link":"https:\/\/fencoop.org.do\/index.php\/alianzas\/","title":{"rendered":"Alianzas"},"content":{"rendered":"\t\t<div data-elementor-type=\"wp-page\" data-elementor-id=\"63\" class=\"elementor elementor-63\">\n\t\t\t\t\t\t<section class=\"elementor-section elementor-top-section elementor-element elementor-element-b8e0b56 elementor-section-boxed elementor-section-height-default elementor-section-height-default\" data-id=\"b8e0b56\" data-element_type=\"section\" data-e-type=\"section\" data-settings=\"{&quot;background_background&quot;:&quot;classic&quot;}\">\n\t\t\t\t\t\t\t<div class=\"elementor-background-overlay\"><\/div>\n\t\t\t\t\t\t\t<div class=\"elementor-container elementor-column-gap-default\">\n\t\t\t\t\t<div class=\"elementor-column elementor-col-100 elementor-top-column elementor-element elementor-element-d4c6303\" data-id=\"d4c6303\" data-element_type=\"column\" data-e-type=\"column\">\n\t\t\t<div class=\"elementor-widget-wrap elementor-element-populated\">\n\t\t\t\t\t\t\t<\/div>\n\t\t<\/div>\n\t\t\t\t\t<\/div>\n\t\t<\/section>\n\t\t\t\t<section class=\"elementor-section elementor-top-section elementor-element elementor-element-e30f3d1 elementor-section-boxed elementor-section-height-default elementor-section-height-default\" data-id=\"e30f3d1\" data-element_type=\"section\" data-e-type=\"section\" data-settings=\"{&quot;background_background&quot;:&quot;classic&quot;}\">\n\t\t\t\t\t\t<div class=\"elementor-container elementor-column-gap-default\">\n\t\t\t\t\t<div class=\"elementor-column elementor-col-100 elementor-top-column elementor-element elementor-element-70704db\" data-id=\"70704db\" data-element_type=\"column\" data-e-type=\"column\" data-settings=\"{&quot;background_background&quot;:&quot;classic&quot;}\">\n\t\t\t<div class=\"elementor-widget-wrap elementor-element-populated\">\n\t\t\t\t\t\t<section class=\"elementor-section elementor-inner-section elementor-element elementor-element-1ac211e elementor-section-boxed elementor-section-height-default elementor-section-height-default\" data-id=\"1ac211e\" data-element_type=\"section\" data-e-type=\"section\">\n\t\t\t\t\t\t<div class=\"elementor-container elementor-column-gap-default\">\n\t\t\t\t\t<div class=\"elementor-column elementor-col-50 elementor-inner-column elementor-element elementor-element-7fff314\" data-id=\"7fff314\" data-element_type=\"column\" data-e-type=\"column\">\n\t\t\t<div class=\"elementor-widget-wrap\">\n\t\t\t\t\t\t\t<\/div>\n\t\t<\/div>\n\t\t\t\t<div class=\"elementor-column elementor-col-50 elementor-inner-column elementor-element elementor-element-27e64b3\" data-id=\"27e64b3\" data-element_type=\"column\" data-e-type=\"column\">\n\t\t\t<div class=\"elementor-widget-wrap elementor-element-populated\">\n\t\t\t\t\t\t<div class=\"elementor-element elementor-element-ffe56c1 elementor-widget elementor-widget-image\" data-id=\"ffe56c1\" data-element_type=\"widget\" data-e-type=\"widget\" data-widget_type=\"image.default\">\n\t\t\t\t<div class=\"elementor-widget-container\">\n\t\t\t\t\t\t\t\t\t\t\t\t\t\t\t<img decoding=\"async\" width=\"300\" height=\"61\" src=\"https:\/\/fencoop.org.do\/wp-content\/uploads\/2023\/01\/logo-fencoop-1-300x61.png\" class=\"attachment-medium size-medium wp-image-31\" alt=\"\" srcset=\"https:\/\/fencoop.org.do\/wp-content\/uploads\/2023\/01\/logo-fencoop-1-300x61.png 300w, https:\/\/fencoop.org.do\/wp-content\/uploads\/2023\/01\/logo-fencoop-1.png 414w\" sizes=\"(max-width: 300px) 100vw, 300px\" \/>\t\t\t\t\t\t\t\t\t\t\t\t\t\t\t<\/div>\n\t\t\t\t<\/div>\n\t\t\t\t\t<\/div>\n\t\t<\/div>\n\t\t\t\t\t<\/div>\n\t\t<\/section>\n\t\t\t\t<div class=\"elementor-element elementor-element-2f4397d elementor-widget elementor-widget-heading\" data-id=\"2f4397d\" data-element_type=\"widget\" data-e-type=\"widget\" data-widget_type=\"heading.default\">\n\t\t\t\t<div class=\"elementor-widget-container\">\n\t\t\t\t\t<h2 class=\"elementor-heading-title elementor-size-default\">FENCOOP-AIRAC<\/h2>\t\t\t\t<\/div>\n\t\t\t\t<\/div>\n\t\t\t\t<div class=\"elementor-element elementor-element-1e4a796 elementor-widget elementor-widget-text-editor\" data-id=\"1e4a796\" data-element_type=\"widget\" data-e-type=\"widget\" data-widget_type=\"text-editor.default\">\n\t\t\t\t<div class=\"elementor-widget-container\">\n\t\t\t\t\t\t\t\t\t<p id=\"u3115-2\"><span style=\"font-style: inherit; font-weight: inherit; color: var( --e-global-color-text ); font-family: var( --e-global-typography-text-font-family ), Sans-serif;\">La Federaci\u00f3n Nacional de Cooperativas de Ahorro y Cr\u00e9dito y Afines, Inc. (FENCOOP) ha establecido una alianza estrat\u00e9gica con la Asociaci\u00f3n de Instituciones Rurales de Ahorro y Cr\u00e9dito, Inc. (AIRAC), con el fin de realizar acciones comunes en beneficio de las cooperativas afiliadas a ambas instituciones y del sector cooperativo, en sentido general.<\/span><\/p><p id=\"u3115-8\">Ambas organizaciones se complementan una a otra y trabajan en coordinaci\u00f3n para el desarrollo de pol\u00edticas, acorde al compromiso social y econ\u00f3mico de sus cooperativas afiliadas. Adem\u00e1s, tanto en FENCOOP como en AIRAC existe un v\u00ednculo de apoyo en la parte t\u00e9cnica y en las relaciones internacionales que actualmente sustentan y sustentar\u00e1n en el futuro.<\/p><p id=\"u3115-11\">Dentro de los acuerdos establecidos en la citada alianza estrat\u00e9gica, AIRAC ha puesto a la disposici\u00f3n de FENCOOP un espacio f\u00edsico dentro del edificio marcado con el n\u00famero 256 de la calle Ar\u00edstides Fiallo Cabral, Ciudad Universitaria, en Santo Domingo, Distrito Nacional, Republica Dominicana, para ser utilizado en labores propias de la Federaci\u00f3n, consagrada en sus Estatutos. Esto, adem\u00e1s del asesoramiento y apoyo en el manejo contable de sus operaciones, la log\u00edstica en todo lo concerniente a sus operaciones administrativas, incluyendo la cobertura de gastos miscel\u00e1neos circunscritos a las labores relacionadas con sus objetivos estatutarios, entre otros.<\/p><p id=\"u3115-13\">Todo el enfoque de capacitaci\u00f3n y formaci\u00f3n de dirigentes, colaboradores y socios, es responsabilidad de FENCOOP, en calidad de brazo formativo de las cooperativas afiliadas.<\/p>\t\t\t\t\t\t\t\t<\/div>\n\t\t\t\t<\/div>\n\t\t\t\t<div class=\"elementor-element elementor-element-da64de8 elementor-widget elementor-widget-heading\" data-id=\"da64de8\" data-element_type=\"widget\" data-e-type=\"widget\" data-widget_type=\"heading.default\">\n\t\t\t\t<div class=\"elementor-widget-container\">\n\t\t\t\t\t<h2 class=\"elementor-heading-title elementor-size-default\">FENCOOP-CTH SYSTEMS GROUP SOLUTIONS<\/h2>\t\t\t\t<\/div>\n\t\t\t\t<\/div>\n\t\t\t\t<div class=\"elementor-element elementor-element-c15b925 elementor-widget elementor-widget-text-editor\" data-id=\"c15b925\" data-element_type=\"widget\" data-e-type=\"widget\" data-widget_type=\"text-editor.default\">\n\t\t\t\t<div class=\"elementor-widget-container\">\n\t\t\t\t\t\t\t\t\t<p id=\"u3115-19\">Igualmente importante es la alianza de FENCOOP con la empresa CTH SYSTEMS GROUP SOLUTIONS, para suplir a las cooperativas afiliadas, v\u00eda la Federaci\u00f3n, la herramienta CTH360, un sistema web con las \u00faltimas tendencias en dise\u00f1o y experiencia de usuario que se encarga de la gesti\u00f3n de riesgo y control del lavado de activos en las instituciones financieras y a la medida de cada organizaci\u00f3n, considerando los flujos de sus procesos internos, su tama\u00f1o, estructura, caracter\u00edsticas, actividad econ\u00f3mica que realice y presencia en el mercado.<\/p><p id=\"u3115-20\">\u00a0<\/p><p id=\"u3115-22\">La herramienta CTH360 es un sistema web con las \u00faltimas tendencias en dise\u00f1o y experiencia de usuario, conteniendo los siguientes beneficios y funcionalidades:<\/p><p id=\"u3115-23\">\u00a0<\/p><p id=\"u3115-25\">Ofrece una soluci\u00f3n para la gesti\u00f3n y administraci\u00f3n de informaci\u00f3n a trav\u00e9s de correctas y adecuadas tecnolog\u00edas<\/p><p id=\"u3115-27\">\u00a0Se obtiene informaci\u00f3n certera y oportuna a trav\u00e9s de reportes y consultas.<\/p><p id=\"u3115-28\">\u00a0<\/p><p id=\"u3115-30\">Pone a su disposici\u00f3n un entorno seguro y confiable con la m\u00e1s alta tecnolog\u00eda y las \u00faltimas tendencias en experiencia de usuario (UX), garantizando de esta forma agilidad y velocidad en los procesos.<\/p><p id=\"u3115-31\">\u00a0<\/p><p id=\"u3115-33\">Flexibilidad y eficiencia en el uso del sistema, integrando herramientas de uso frecuente para aumentar la productividad de los usuarios.<\/p>\t\t\t\t\t\t\t\t<\/div>\n\t\t\t\t<\/div>\n\t\t\t\t\t<\/div>\n\t\t<\/div>\n\t\t\t\t\t<\/div>\n\t\t<\/section>\n\t\t\t\t<\/div>\n\t\t","protected":false},"excerpt":{"rendered":"<p>FENCOOP-AIRAC La Federaci\u00f3n Nacional de Cooperativas de Ahorro y Cr\u00e9dito y Afines, Inc. (FENCOOP) ha establecido una alianza estrat\u00e9gica con la Asociaci\u00f3n de Instituciones Rurales de Ahorro y Cr\u00e9dito, Inc. (AIRAC), con el fin de realizar acciones comunes en beneficio de las cooperativas afiliadas a ambas instituciones y del sector cooperativo, en sentido general. Ambas [&hellip;]<\/p>\n","protected":false},"author":1,"featured_media":0,"parent":0,"menu_order":0,"comment_status":"closed","ping_status":"closed","template":"","meta":{"_eb_attr":"","site-sidebar-layout":"no-sidebar","site-content-layout":"page-builder","ast-site-content-layout":"","site-content-style":"default","site-sidebar-style":"default","ast-global-header-display":"","ast-banner-title-visibility":"","ast-main-header-display":"","ast-hfb-above-header-display":"","ast-hfb-below-header-display":"","ast-hfb-mobile-header-display":"","site-post-title":"disabled","ast-breadcrumbs-content":"","ast-featured-img":"disabled","footer-sml-layout":"","theme-transparent-header-meta":"","adv-header-id-meta":"","stick-header-meta":"","header-above-stick-meta":"","header-main-stick-meta":"","header-below-stick-meta":"","astra-migrate-meta-layouts":"default","ast-page-background-enabled":"default","ast-page-background-meta":{"desktop":{"background-color":"var(--ast-global-color-4)","background-image":"","background-repeat":"repeat","background-position":"center center","background-size":"auto","background-attachment":"scroll","background-type":"","background-media":"","overlay-type":"","overlay-color":"","overlay-opacity":"","overlay-gradient":""},"tablet":{"background-color":"","background-image":"","background-repeat":"repeat","background-position":"center center","background-size":"auto","background-attachment":"scroll","background-type":"","background-media":"","overlay-type":"","overlay-color":"","overlay-opacity":"","overlay-gradient":""},"mobile":{"background-color":"","background-image":"","background-repeat":"repeat","background-position":"center center","background-size":"auto","background-attachment":"scroll","background-type":"","background-media":"","overlay-type":"","overlay-color":"","overlay-opacity":"","overlay-gradient":""}},"ast-content-background-meta":{"desktop":{"background-color":"var(--ast-global-color-5)","background-image":"","background-repeat":"repeat","background-position":"center center","background-size":"auto","background-attachment":"scroll","background-type":"","background-media":"","overlay-type":"","overlay-color":"","overlay-opacity":"","overlay-gradient":""},"tablet":{"background-color":"var(--ast-global-color-5)","background-image":"","background-repeat":"repeat","background-position":"center center","background-size":"auto","background-attachment":"scroll","background-type":"","background-media":"","overlay-type":"","overlay-color":"","overlay-opacity":"","overlay-gradient":""},"mobile":{"background-color":"var(--ast-global-color-5)","background-image":"","background-repeat":"repeat","background-position":"center center","background-size":"auto","background-attachment":"scroll","background-type":"","background-media":"","overlay-type":"","overlay-color":"","overlay-opacity":"","overlay-gradient":""}},"footnotes":""},"class_list":["post-63","page","type-page","status-publish","hentry"],"_links":{"self":[{"href":"https:\/\/fencoop.org.do\/index.php\/wp-json\/wp\/v2\/pages\/63","targetHints":{"allow":["GET"]}}],"collection":[{"href":"https:\/\/fencoop.org.do\/index.php\/wp-json\/wp\/v2\/pages"}],"about":[{"href":"https:\/\/fencoop.org.do\/index.php\/wp-json\/wp\/v2\/types\/page"}],"author":[{"embeddable":true,"href":"https:\/\/fencoop.org.do\/index.php\/wp-json\/wp\/v2\/users\/1"}],"replies":[{"embeddable":true,"href":"https:\/\/fencoop.org.do\/index.php\/wp-json\/wp\/v2\/comments?post=63"}],"version-history":[{"count":6,"href":"https:\/\/fencoop.org.do\/index.php\/wp-json\/wp\/v2\/pages\/63\/revisions"}],"predecessor-version":[{"id":5594,"href":"https:\/\/fencoop.org.do\/index.php\/wp-json\/wp\/v2\/pages\/63\/revisions\/5594"}],"wp:attachment":[{"href":"https:\/\/fencoop.org.do\/index.php\/wp-json\/wp\/v2\/media?parent=63"}],"curies":[{"name":"wp","href":"https:\/\/api.w.org\/{rel}","templated":true}]}}