{"id":6083,"date":"2025-09-16T17:36:30","date_gmt":"2025-09-16T17:36:30","guid":{"rendered":"https:\/\/fencoop.org.do\/?page_id=6083"},"modified":"2026-04-09T17:24:41","modified_gmt":"2026-04-09T17:24:41","slug":"balance-social-cooperativo","status":"publish","type":"page","link":"https:\/\/fencoop.org.do\/index.php\/balance-social-cooperativo\/","title":{"rendered":"Balance social cooperativo"},"content":{"rendered":"\t\t<div data-elementor-type=\"wp-page\" data-elementor-id=\"6083\" class=\"elementor elementor-6083\">\n\t\t\t\t\t\t<section class=\"elementor-section elementor-top-section elementor-element elementor-element-9728fc7 elementor-section-boxed elementor-section-height-default elementor-section-height-default elementor-invisible\" data-id=\"9728fc7\" data-element_type=\"section\" data-e-type=\"section\" data-settings=\"{&quot;background_background&quot;:&quot;classic&quot;,&quot;animation&quot;:&quot;fadeIn&quot;}\">\n\t\t\t\t\t\t<div class=\"elementor-container elementor-column-gap-default\">\n\t\t\t\t\t<div class=\"elementor-column elementor-col-100 elementor-top-column elementor-element elementor-element-8f2a631\" data-id=\"8f2a631\" data-element_type=\"column\" data-e-type=\"column\">\n\t\t\t<div class=\"elementor-widget-wrap\">\n\t\t\t\t\t\t\t<\/div>\n\t\t<\/div>\n\t\t\t\t\t<\/div>\n\t\t<\/section>\n\t\t\t\t<section class=\"elementor-section elementor-top-section elementor-element elementor-element-d349a8f elementor-section-boxed elementor-section-height-default elementor-section-height-default elementor-invisible\" data-id=\"d349a8f\" data-element_type=\"section\" data-e-type=\"section\" data-settings=\"{&quot;animation&quot;:&quot;fadeInUp&quot;}\">\n\t\t\t\t\t\t<div class=\"elementor-container elementor-column-gap-default\">\n\t\t\t\t\t<div class=\"elementor-column elementor-col-100 elementor-top-column elementor-element elementor-element-fbfdd6d\" data-id=\"fbfdd6d\" data-element_type=\"column\" data-e-type=\"column\">\n\t\t\t<div class=\"elementor-widget-wrap elementor-element-populated\">\n\t\t\t\t\t\t<div class=\"elementor-element elementor-element-7c39720 elementor-widget elementor-widget-heading\" data-id=\"7c39720\" data-element_type=\"widget\" data-e-type=\"widget\" data-widget_type=\"heading.default\">\n\t\t\t\t<div class=\"elementor-widget-container\">\n\t\t\t\t\t<h2 class=\"elementor-heading-title elementor-size-default\">Balance social cooperativo<\/h2>\t\t\t\t<\/div>\n\t\t\t\t<\/div>\n\t\t\t\t\t<\/div>\n\t\t<\/div>\n\t\t\t\t\t<\/div>\n\t\t<\/section>\n\t\t\t\t<section class=\"elementor-section elementor-top-section elementor-element elementor-element-4fa4376 elementor-section-boxed elementor-section-height-default elementor-section-height-default\" data-id=\"4fa4376\" data-element_type=\"section\" data-e-type=\"section\">\n\t\t\t\t\t\t<div class=\"elementor-container elementor-column-gap-default\">\n\t\t\t\t\t<div class=\"elementor-column elementor-col-50 elementor-top-column elementor-element elementor-element-e68ed71 elementor-invisible\" data-id=\"e68ed71\" data-element_type=\"column\" data-e-type=\"column\" data-settings=\"{&quot;animation&quot;:&quot;fadeInLeft&quot;}\">\n\t\t\t<div class=\"elementor-widget-wrap elementor-element-populated\">\n\t\t\t\t\t\t<div class=\"elementor-element elementor-element-ea622fe elementor-widget elementor-widget-text-editor\" data-id=\"ea622fe\" data-element_type=\"widget\" data-e-type=\"widget\" data-widget_type=\"text-editor.default\">\n\t\t\t\t<div class=\"elementor-widget-container\">\n\t\t\t\t\t\t\t\t\t<p class=\"p1\">Uno de los retos del sector cooperativo dominicano es fortalecer la filosof\u00eda del modelo econ\u00f3mico social y\u00a0solidario.<\/p><p class=\"p1\">Desde Fencoop estamos\u00a0<b>impulsando a trav\u00e9s de la educaci\u00f3n y capacitaci\u00f3n,<\/b>\u00a0el pensamiento Cooperativo que se obtiene al entender la G\u00e9nesis del modelo, los principios y sobre todo los valores cooperativos, que hacen de esta unidad de personas con prop\u00f3sito,\u00a0una alternativa de sistema,\u00a0tan relevante.<\/p><p class=\"p1\">La transversalidad del\u00a0\u201cprincipio\u00a0resultado\u201d\u00a0de\u00a0<b>compromiso con la comunidad,<\/b>\u00a0inherente a este modelo socioecon\u00f3mico,\u00a0hacen que el Balance Social entonces sea\u00a0<b>la raz\u00f3n de ser de las Cooperativas.<\/b><\/p><p class=\"p1\"><b>El\u00a0Balance Social\u00a0Cooperativo<\/b>\u00a0es el resultado del cumplimiento de los valores y principios que promueven\u00a0<b>el bienestar\u00a0social, econ\u00f3mico y medioambiental de la sociedad, de manera intencional.<\/b><\/p><p class=\"p1\"><b>Se trata de\u00a0sumar y restar las operaciones de la cooperativa y que el resultado salga positivo a favor del bienestar real y desarrollo de la\u00a0<span class=\"s1\">comunidad (El socio y su familia).<\/span><\/b><\/p>\t\t\t\t\t\t\t\t<\/div>\n\t\t\t\t<\/div>\n\t\t\t\t\t<\/div>\n\t\t<\/div>\n\t\t\t\t<div class=\"elementor-column elementor-col-50 elementor-top-column elementor-element elementor-element-43b3bf4 elementor-invisible\" data-id=\"43b3bf4\" data-element_type=\"column\" data-e-type=\"column\" data-settings=\"{&quot;animation&quot;:&quot;fadeInRight&quot;}\">\n\t\t\t<div class=\"elementor-widget-wrap elementor-element-populated\">\n\t\t\t\t\t\t<div class=\"elementor-element elementor-element-92b1a2d elementor-widget elementor-widget-text-editor\" data-id=\"92b1a2d\" data-element_type=\"widget\" data-e-type=\"widget\" data-widget_type=\"text-editor.default\">\n\t\t\t\t<div class=\"elementor-widget-container\">\n\t\t\t\t\t\t\t\t\t<p class=\"p1\"><b>Balance Social como Eje Estrat\u00e9gico.<\/b><\/p><p class=\"p4\">Cuando\u00a0el crecimiento econ\u00f3mico no viene acompa\u00f1ado de progreso social en el que todos seamos parte, entonces podemos ver que no es sostenible y que las sociedades\u00a0terminan presentando problemas colectivos, que vienen desde el pensamiento individual y que no han sido\u00a0abordados de manera asociativa.<\/p><p class=\"p4\">Considerar los resultados que arroja la medici\u00f3n del Balance Social en cada Cooperativa, traza una importante l\u00ednea base de planificaci\u00f3n para el dise\u00f1o de estrategias que apunten al desarrollo integral de los asociados.<\/p><p class=\"p4\">En Fencoop estamos formado pensadores cooperativista desde el modelo filos\u00f3fico\u00a0que se central en la persona y no en el capital.<\/p><p class=\"p4\">Todo asociado, l\u00edder o colaborador de las entidades de Econom\u00eda Social y Solidaria deben\u00a0estar conscientes e involucrado de ese resultado de bienestar que el\u00a0esfuerzo en conjunto\u00a0logra\u00a0desde la cooperativa.<\/p>\t\t\t\t\t\t\t\t<\/div>\n\t\t\t\t<\/div>\n\t\t\t\t\t<\/div>\n\t\t<\/div>\n\t\t\t\t\t<\/div>\n\t\t<\/section>\n\t\t\t\t<section class=\"elementor-section elementor-top-section elementor-element elementor-element-280bd28 elementor-section-boxed elementor-section-height-default elementor-section-height-default elementor-invisible\" data-id=\"280bd28\" data-element_type=\"section\" data-e-type=\"section\" data-settings=\"{&quot;animation&quot;:&quot;fadeIn&quot;}\">\n\t\t\t\t\t\t<div class=\"elementor-container elementor-column-gap-default\">\n\t\t\t\t\t<div class=\"elementor-column elementor-col-100 elementor-top-column elementor-element elementor-element-d1c5bb0\" data-id=\"d1c5bb0\" data-element_type=\"column\" data-e-type=\"column\">\n\t\t\t<div class=\"elementor-widget-wrap elementor-element-populated\">\n\t\t\t\t\t\t<div class=\"elementor-element elementor-element-f871580 elementor-widget elementor-widget-heading\" data-id=\"f871580\" data-element_type=\"widget\" data-e-type=\"widget\" data-widget_type=\"heading.default\">\n\t\t\t\t<div class=\"elementor-widget-container\">\n\t\t\t\t\t<h2 class=\"elementor-heading-title elementor-size-default\">Las capacitaciones disponibles son<\/h2>\t\t\t\t<\/div>\n\t\t\t\t<\/div>\n\t\t\t\t<div class=\"elementor-element elementor-element-54a8f0f elementor-widget elementor-widget-heading\" data-id=\"54a8f0f\" data-element_type=\"widget\" data-e-type=\"widget\" data-widget_type=\"heading.default\">\n\t\t\t\t<div class=\"elementor-widget-container\">\n\t\t\t\t\t<h2 class=\"elementor-heading-title elementor-size-default\"><a href=\"https:\/\/fencoop.org.do\/index.php\/quiero-conocer-mas-del-taller\/\">Cultura de balance social - (Para directivos y para colaboradores)<\/a><\/h2>\t\t\t\t<\/div>\n\t\t\t\t<\/div>\n\t\t\t\t<div class=\"elementor-element elementor-element-d0334af elementor-widget elementor-widget-heading\" data-id=\"d0334af\" data-element_type=\"widget\" data-e-type=\"widget\" data-widget_type=\"heading.default\">\n\t\t\t\t<div class=\"elementor-widget-container\">\n\t\t\t\t\t<h2 class=\"elementor-heading-title elementor-size-default\"><a href=\"https:\/\/fencoop.org.do\/index.php\/quiero-conocer-mas-del-taller\/\">La herramienta de medici\u00f3n de Balance Social - (directivos y coordinadores de Balance Social)<\/a><\/h2>\t\t\t\t<\/div>\n\t\t\t\t<\/div>\n\t\t\t\t<div class=\"elementor-element elementor-element-78e75b0 elementor-widget elementor-widget-text-editor\" data-id=\"78e75b0\" data-element_type=\"widget\" data-e-type=\"widget\" data-widget_type=\"text-editor.default\">\n\t\t\t\t<div class=\"elementor-widget-container\">\n\t\t\t\t\t\t\t\t\t<p>Nuestras capacitaciones est\u00e1n dise\u00f1adas para grupos, por el momento no ofrecemos capacitaciones individuales.<\/p>\t\t\t\t\t\t\t\t<\/div>\n\t\t\t\t<\/div>\n\t\t\t\t<div class=\"elementor-element elementor-element-027ddb6 elementor-widget elementor-widget-spacer\" data-id=\"027ddb6\" data-element_type=\"widget\" data-e-type=\"widget\" data-widget_type=\"spacer.default\">\n\t\t\t\t<div class=\"elementor-widget-container\">\n\t\t\t\t\t\t\t<div class=\"elementor-spacer\">\n\t\t\t<div class=\"elementor-spacer-inner\"><\/div>\n\t\t<\/div>\n\t\t\t\t\t\t<\/div>\n\t\t\t\t<\/div>\n\t\t\t\t\t<\/div>\n\t\t<\/div>\n\t\t\t\t\t<\/div>\n\t\t<\/section>\n\t\t\t\t<section class=\"elementor-section elementor-top-section elementor-element elementor-element-303ae72 elementor-section-boxed elementor-section-height-default elementor-section-height-default\" data-id=\"303ae72\" data-element_type=\"section\" data-e-type=\"section\">\n\t\t\t\t\t\t<div class=\"elementor-container elementor-column-gap-default\">\n\t\t\t\t\t<div class=\"elementor-column elementor-col-100 elementor-top-column elementor-element elementor-element-bf1ad70\" data-id=\"bf1ad70\" data-element_type=\"column\" data-e-type=\"column\">\n\t\t\t<div class=\"elementor-widget-wrap elementor-element-populated\">\n\t\t\t\t\t\t<div class=\"elementor-element elementor-element-089eef1 elementor-widget elementor-widget-spacer\" data-id=\"089eef1\" data-element_type=\"widget\" data-e-type=\"widget\" data-widget_type=\"spacer.default\">\n\t\t\t\t<div class=\"elementor-widget-container\">\n\t\t\t\t\t\t\t<div class=\"elementor-spacer\">\n\t\t\t<div class=\"elementor-spacer-inner\"><\/div>\n\t\t<\/div>\n\t\t\t\t\t\t<\/div>\n\t\t\t\t<\/div>\n\t\t\t\t\t<\/div>\n\t\t<\/div>\n\t\t\t\t\t<\/div>\n\t\t<\/section>\n\t\t\t\t<\/div>\n\t\t","protected":false},"excerpt":{"rendered":"<p>Balance social cooperativo Uno de los retos del sector cooperativo dominicano es fortalecer la filosof\u00eda del modelo econ\u00f3mico social y\u00a0solidario. Desde Fencoop estamos\u00a0impulsando a trav\u00e9s de la educaci\u00f3n y capacitaci\u00f3n,\u00a0el pensamiento Cooperativo que se obtiene al entender la G\u00e9nesis del modelo, los principios y sobre todo los valores cooperativos, que hacen de esta unidad de [&hellip;]<\/p>\n","protected":false},"author":1,"featured_media":0,"parent":0,"menu_order":0,"comment_status":"closed","ping_status":"closed","template":"","meta":{"_eb_attr":"","site-sidebar-layout":"no-sidebar","site-content-layout":"page-builder","ast-site-content-layout":"full-width-container","site-content-style":"default","site-sidebar-style":"default","ast-global-header-display":"","ast-banner-title-visibility":"","ast-main-header-display":"","ast-hfb-above-header-display":"","ast-hfb-below-header-display":"","ast-hfb-mobile-header-display":"","site-post-title":"disabled","ast-breadcrumbs-content":"","ast-featured-img":"disabled","footer-sml-layout":"","theme-transparent-header-meta":"","adv-header-id-meta":"","stick-header-meta":"","header-above-stick-meta":"","header-main-stick-meta":"","header-below-stick-meta":"","astra-migrate-meta-layouts":"set","ast-page-background-enabled":"default","ast-page-background-meta":{"desktop":{"background-color":"var(--ast-global-color-4)","background-image":"","background-repeat":"repeat","background-position":"center center","background-size":"auto","background-attachment":"scroll","background-type":"","background-media":"","overlay-type":"","overlay-color":"","overlay-opacity":"","overlay-gradient":""},"tablet":{"background-color":"","background-image":"","background-repeat":"repeat","background-position":"center center","background-size":"auto","background-attachment":"scroll","background-type":"","background-media":"","overlay-type":"","overlay-color":"","overlay-opacity":"","overlay-gradient":""},"mobile":{"background-color":"","background-image":"","background-repeat":"repeat","background-position":"center center","background-size":"auto","background-attachment":"scroll","background-type":"","background-media":"","overlay-type":"","overlay-color":"","overlay-opacity":"","overlay-gradient":""}},"ast-content-background-meta":{"desktop":{"background-color":"var(--ast-global-color-5)","background-image":"","background-repeat":"repeat","background-position":"center center","background-size":"auto","background-attachment":"scroll","background-type":"","background-media":"","overlay-type":"","overlay-color":"","overlay-opacity":"","overlay-gradient":""},"tablet":{"background-color":"var(--ast-global-color-5)","background-image":"","background-repeat":"repeat","background-position":"center center","background-size":"auto","background-attachment":"scroll","background-type":"","background-media":"","overlay-type":"","overlay-color":"","overlay-opacity":"","overlay-gradient":""},"mobile":{"background-color":"var(--ast-global-color-5)","background-image":"","background-repeat":"repeat","background-position":"center center","background-size":"auto","background-attachment":"scroll","background-type":"","background-media":"","overlay-type":"","overlay-color":"","overlay-opacity":"","overlay-gradient":""}},"footnotes":""},"class_list":["post-6083","page","type-page","status-publish","hentry"],"_links":{"self":[{"href":"https:\/\/fencoop.org.do\/index.php\/wp-json\/wp\/v2\/pages\/6083","targetHints":{"allow":["GET"]}}],"collection":[{"href":"https:\/\/fencoop.org.do\/index.php\/wp-json\/wp\/v2\/pages"}],"about":[{"href":"https:\/\/fencoop.org.do\/index.php\/wp-json\/wp\/v2\/types\/page"}],"author":[{"embeddable":true,"href":"https:\/\/fencoop.org.do\/index.php\/wp-json\/wp\/v2\/users\/1"}],"replies":[{"embeddable":true,"href":"https:\/\/fencoop.org.do\/index.php\/wp-json\/wp\/v2\/comments?post=6083"}],"version-history":[{"count":109,"href":"https:\/\/fencoop.org.do\/index.php\/wp-json\/wp\/v2\/pages\/6083\/revisions"}],"predecessor-version":[{"id":7010,"href":"https:\/\/fencoop.org.do\/index.php\/wp-json\/wp\/v2\/pages\/6083\/revisions\/7010"}],"wp:attachment":[{"href":"https:\/\/fencoop.org.do\/index.php\/wp-json\/wp\/v2\/media?parent=6083"}],"curies":[{"name":"wp","href":"https:\/\/api.w.org\/{rel}","templated":true}]}}