{"id":5023,"date":"2025-01-20T14:04:13","date_gmt":"2025-01-20T14:04:13","guid":{"rendered":"https:\/\/fencoop.org.do\/?page_id=5023"},"modified":"2025-01-22T16:32:06","modified_gmt":"2025-01-22T16:32:06","slug":"quiero-implementarlo-a-mi-cooperativa","status":"publish","type":"page","link":"https:\/\/fencoop.org.do\/index.php\/quiero-implementarlo-a-mi-cooperativa\/","title":{"rendered":"Quiero implementarlo a mi cooperativa"},"content":{"rendered":"\t\t<div data-elementor-type=\"wp-page\" data-elementor-id=\"5023\" class=\"elementor elementor-5023\">\n\t\t\t\t\t\t<section class=\"elementor-section elementor-top-section elementor-element elementor-element-3515fae elementor-section-boxed elementor-section-height-default elementor-section-height-default\" data-id=\"3515fae\" data-element_type=\"section\" data-e-type=\"section\" data-settings=\"{&quot;background_background&quot;:&quot;classic&quot;}\">\n\t\t\t\t\t\t<div class=\"elementor-container elementor-column-gap-default\">\n\t\t\t\t\t<div class=\"elementor-column elementor-col-100 elementor-top-column elementor-element elementor-element-4fba700\" data-id=\"4fba700\" data-element_type=\"column\" data-e-type=\"column\">\n\t\t\t<div class=\"elementor-widget-wrap elementor-element-populated\">\n\t\t\t\t\t\t<div class=\"elementor-element elementor-element-2289654 elementor-widget elementor-widget-heading\" data-id=\"2289654\" data-element_type=\"widget\" data-e-type=\"widget\" data-widget_type=\"heading.default\">\n\t\t\t\t<div class=\"elementor-widget-container\">\n\t\t\t\t\t<h2 class=\"elementor-heading-title elementor-size-default\">FORMULARIO<\/h2>\t\t\t\t<\/div>\n\t\t\t\t<\/div>\n\t\t\t\t<div class=\"elementor-element elementor-element-b64cc99 elementor-widget elementor-widget-heading\" data-id=\"b64cc99\" data-element_type=\"widget\" data-e-type=\"widget\" data-widget_type=\"heading.default\">\n\t\t\t\t<div class=\"elementor-widget-container\">\n\t\t\t\t\t<h2 class=\"elementor-heading-title elementor-size-default\">QUIERO IMPLEMENTARLO EN LA COOPERATIVA<\/h2>\t\t\t\t<\/div>\n\t\t\t\t<\/div>\n\t\t\t\t\t<\/div>\n\t\t<\/div>\n\t\t\t\t\t<\/div>\n\t\t<\/section>\n\t\t\t\t<section class=\"elementor-section elementor-top-section elementor-element elementor-element-2d747c3 elementor-section-boxed elementor-section-height-default elementor-section-height-default\" data-id=\"2d747c3\" data-element_type=\"section\" data-e-type=\"section\" data-settings=\"{&quot;background_background&quot;:&quot;classic&quot;}\">\n\t\t\t\t\t\t<div class=\"elementor-container elementor-column-gap-default\">\n\t\t\t\t\t<div class=\"elementor-column elementor-col-100 elementor-top-column elementor-element elementor-element-fc2cdb0\" data-id=\"fc2cdb0\" data-element_type=\"column\" data-e-type=\"column\">\n\t\t\t<div class=\"elementor-widget-wrap elementor-element-populated\">\n\t\t\t\t\t\t<div class=\"elementor-element elementor-element-f1cf557 elementor-widget elementor-widget-wpforms\" data-id=\"f1cf557\" data-element_type=\"widget\" data-e-type=\"widget\" data-widget_type=\"wpforms.default\">\n\t\t\t\t<div class=\"elementor-widget-container\">\n\t\t\t\t\t<div class=\"wpforms-container wpforms-container-full wpforms-render-modern\" id=\"wpforms-5039\"><form id=\"wpforms-form-5039\" class=\"wpforms-validate wpforms-form wpforms-ajax-form\" data-formid=\"5039\" method=\"post\" enctype=\"multipart\/form-data\" action=\"\/index.php\/wp-json\/wp\/v2\/pages\/5023\" data-token=\"c4e798a536ea34c38fee4e98ca1942a4\" data-token-time=\"1776676089\"><noscript class=\"wpforms-error-noscript\">Please enable JavaScript in your browser to complete this form.<\/noscript><div id=\"wpforms-error-noscript\" style=\"display: none;\">Please enable JavaScript in your browser to complete this form.<\/div><div class=\"wpforms-field-container\"><div id=\"wpforms-5039-field_10-container\" class=\"wpforms-field wpforms-field-select wpforms-field-select-style-classic\" data-field-id=\"10\"><label class=\"wpforms-field-label\" for=\"wpforms-5039-field_10\">Nombre de la cooperativa:<\/label><select id=\"wpforms-5039-field_10\" class=\"wpforms-field-medium\" name=\"wpforms[fields][10]\"><option value=\"CooAspire\"  class=\"choice-23 depth-1\"  >CooAspire<\/option><option value=\"CoopBueno\"  class=\"choice-2 depth-1\"  >CoopBueno<\/option><option value=\"CoopSano\"  class=\"choice-3 depth-1\"  >CoopSano<\/option><option value=\"CoopMamoncito\"  class=\"choice-4 depth-1\"  >CoopMamoncito<\/option><option value=\"CoopMaim\u00f3n\"  class=\"choice-5 depth-1\"  >CoopMaim\u00f3n<\/option><option value=\"CoopCentral\"  class=\"choice-6 depth-1\"  >CoopCentral<\/option><option value=\"CoopEclof\"  class=\"choice-14 depth-1\"  >CoopEclof<\/option><option value=\"CoopEmpresarial\"  class=\"choice-13 depth-1\"  >CoopEmpresarial<\/option><option value=\"Fencoop\"  class=\"choice-24 depth-1\"  >Fencoop<\/option><option value=\"CoopGapa\"  class=\"choice-12 depth-1\"  >CoopGapa<\/option><option value=\"CoopM\u00e9dica\"  class=\"choice-11 depth-1\"  >CoopM\u00e9dica<\/option><option value=\"Coop SanRafael\"  class=\"choice-10 depth-1\"  >Coop SanRafael<\/option><option value=\"Cootralcoa\"  class=\"choice-9 depth-1\"  >Cootralcoa<\/option><option value=\"CoopGlobal\"  class=\"choice-8 depth-1\"  >CoopGlobal<\/option><option value=\"CoopOriental\"  class=\"choice-7 depth-1\"  >CoopOriental<\/option><option value=\"CoopSanJos\u00e9\"  class=\"choice-19 depth-1\"  >CoopSanJos\u00e9<\/option><option value=\"CoopProspera\"  class=\"choice-18 depth-1\"  >CoopProspera<\/option><option value=\"Mano Solidaria\"  class=\"choice-17 depth-1\"  >Mano Solidaria<\/option><option value=\"CoopUni\u00f3n\"  class=\"choice-16 depth-1\"  >CoopUni\u00f3n<\/option><option value=\"Coopacrene\"  class=\"choice-15 depth-1\"  >Coopacrene<\/option><option value=\"CoopModerna\"  class=\"choice-20 depth-1\"  >CoopModerna<\/option><option value=\"Airac\"  class=\"choice-26 depth-1\"  >Airac<\/option><option value=\"Fencoop\"  class=\"choice-25 depth-1\"  >Fencoop<\/option><option value=\"Otra\"  class=\"choice-21 depth-1\"  >Otra<\/option><\/select><\/div><div id=\"wpforms-5039-field_2-container\" class=\"wpforms-field wpforms-field-text\" data-field-id=\"2\"><label class=\"wpforms-field-label\" for=\"wpforms-5039-field_2\">Nombre de la persona solicitando:<\/label><input type=\"text\" id=\"wpforms-5039-field_2\" class=\"wpforms-field-medium\" name=\"wpforms[fields][2]\" aria-errormessage=\"wpforms-5039-field_2-error\" ><\/div><div id=\"wpforms-5039-field_13-container\" class=\"wpforms-field wpforms-field-select wpforms-field-select-style-classic\" data-field-id=\"13\"><label class=\"wpforms-field-label\" for=\"wpforms-5039-field_13\">Cargo en la cooperativa:<\/label><select id=\"wpforms-5039-field_13\" class=\"wpforms-field-medium\" name=\"wpforms[fields][13]\"><option value=\"Colaboradores\"  class=\"choice-1 depth-1\"  >Colaboradores<\/option><option value=\"Socio\"  class=\"choice-2 depth-1\"  >Socio<\/option><option value=\"Directivo\"  class=\"choice-3 depth-1\"  >Directivo<\/option><option value=\"Otro\"  class=\"choice-4 depth-1\"  >Otro<\/option><\/select><\/div><div id=\"wpforms-5039-field_11-container\" class=\"wpforms-field wpforms-field-select wpforms-field-select-style-classic\" data-field-id=\"11\"><label class=\"wpforms-field-label\" for=\"wpforms-5039-field_11\">Provincia:<\/label><select id=\"wpforms-5039-field_11\" class=\"wpforms-field-medium\" name=\"wpforms[fields][11]\"><option value=\"Azua\"  class=\"choice-1 depth-1\"  >Azua<\/option><option value=\"Bahoruco\"  class=\"choice-2 depth-1\"  >Bahoruco<\/option><option value=\"Barahona\"  class=\"choice-3 depth-1\"  >Barahona<\/option><option value=\"Dajab\u00f3n\"  class=\"choice-40 depth-1\"  >Dajab\u00f3n<\/option><option value=\"Distrito Nacional\"  class=\"choice-39 depth-1\"  >Distrito Nacional<\/option><option value=\"Duarte\"  class=\"choice-38 depth-1\"  >Duarte<\/option><option value=\"El Seibo\"  class=\"choice-37 depth-1\"  >El Seibo<\/option><option value=\"El\u00edas Pi\u00f1a\"  class=\"choice-36 depth-1\"  >El\u00edas Pi\u00f1a<\/option><option value=\"Espaillat\"  class=\"choice-35 depth-1\"  >Espaillat<\/option><option value=\"Hato Mayor\"  class=\"choice-34 depth-1\"  >Hato Mayor<\/option><option value=\"Hermanas Mirabal\"  class=\"choice-33 depth-1\"  >Hermanas Mirabal<\/option><option value=\"Independencia\"  class=\"choice-32 depth-1\"  >Independencia<\/option><option value=\"La Altagracia\"  class=\"choice-31 depth-1\"  >La Altagracia<\/option><option value=\"La Romana\"  class=\"choice-30 depth-1\"  >La Romana<\/option><option value=\"La Vega\"  class=\"choice-29 depth-1\"  >La Vega<\/option><option value=\"Mar\u00eda Trinidad S\u00e1nchez\"  class=\"choice-28 depth-1\"  >Mar\u00eda Trinidad S\u00e1nchez<\/option><option value=\"Monse\u00f1or Nouel\"  class=\"choice-27 depth-1\"  >Monse\u00f1or Nouel<\/option><option value=\"Monte Plata\"  class=\"choice-26 depth-1\"  >Monte Plata<\/option><option value=\"Montecristi\"  class=\"choice-25 depth-1\"  >Montecristi<\/option><option value=\"Pedernales\"  class=\"choice-24 depth-1\"  >Pedernales<\/option><option value=\"Peravia\"  class=\"choice-23 depth-1\"  >Peravia<\/option><option value=\"Puerto Plata\"  class=\"choice-22 depth-1\"  >Puerto Plata<\/option><option value=\"Saman\u00e1\"  class=\"choice-21 depth-1\"  >Saman\u00e1<\/option><option value=\"San Crist\u00f3bal\"  class=\"choice-20 depth-1\"  >San Crist\u00f3bal<\/option><option value=\"San Jos\u00e9 de Ocoa\"  class=\"choice-19 depth-1\"  >San Jos\u00e9 de Ocoa<\/option><option value=\"San Juan\"  class=\"choice-18 depth-1\"  >San Juan<\/option><option value=\"San Pedro de Macor\u00eds\"  class=\"choice-17 depth-1\"  >San Pedro de Macor\u00eds<\/option><option value=\"S\u00e1nchez Ram\u00edrez\"  class=\"choice-16 depth-1\"  >S\u00e1nchez Ram\u00edrez<\/option><option value=\"Santiago\"  class=\"choice-15 depth-1\"  >Santiago<\/option><option value=\"Santiago Rodr\u00edguez\"  class=\"choice-14 depth-1\"  >Santiago Rodr\u00edguez<\/option><option value=\"Santo Domingo\"  class=\"choice-13 depth-1\"  >Santo Domingo<\/option><option value=\"Valverde\"  class=\"choice-12 depth-1\"  >Valverde<\/option><\/select><\/div><div id=\"wpforms-5039-field_14-container\" class=\"wpforms-field wpforms-field-text\" data-field-id=\"14\"><label class=\"wpforms-field-label\" for=\"wpforms-5039-field_14\">Municipio:<\/label><input type=\"text\" id=\"wpforms-5039-field_14\" class=\"wpforms-field-medium\" name=\"wpforms[fields][14]\" aria-errormessage=\"wpforms-5039-field_14-error\" ><\/div>\t\t<div id=\"wpforms-5039-field_1-container\"\n\t\t\tclass=\"wpforms-field wpforms-field-text\"\n\t\t\tdata-field-type=\"text\"\n\t\t\tdata-field-id=\"1\"\n\t\t\t>\n\t\t\t<label class=\"wpforms-field-label\" for=\"wpforms-5039-field_1\" >la Provincia: de<\/label>\n\t\t\t<input type=\"text\" id=\"wpforms-5039-field_1\" class=\"wpforms-field-medium\" name=\"wpforms[fields][1]\" >\n\t\t<\/div>\n\t\t<div id=\"wpforms-5039-field_12-container\" class=\"wpforms-field wpforms-field-select wpforms-field-select-style-classic\" data-field-id=\"12\"><label class=\"wpforms-field-label\" for=\"wpforms-5039-field_12\">Iniciativa:<\/label><select id=\"wpforms-5039-field_12\" class=\"wpforms-field-medium\" name=\"wpforms[fields][12]\"><option value=\"C\u00edrculo educativo\"  class=\"choice-1 depth-1\"  >C\u00edrculo educativo<\/option><option value=\"Voluntariado\"  class=\"choice-2 depth-1\"  >Voluntariado<\/option><option value=\"Reconocimiento a los socios\"  class=\"choice-3 depth-1\"  >Reconocimiento a los socios<\/option><option value=\"Proyectos comunitarios\"  class=\"choice-6 depth-1\"  >Proyectos comunitarios<\/option><option value=\"Sociedades cooperativas\"  class=\"choice-17 depth-1\"  >Sociedades cooperativas<\/option><option value=\"Socios activos-inactivos\"  class=\"choice-16 depth-1\"  >Socios activos-inactivos<\/option><option value=\"Red de j\u00f3venes profesionales\"  class=\"choice-15 depth-1\"  >Red de j\u00f3venes profesionales<\/option><option value=\"Vivienda digna\"  class=\"choice-14 depth-1\"  >Vivienda digna<\/option><option value=\"Espacio de intercambio entre cooperativas\"  class=\"choice-13 depth-1\"  >Espacio de intercambio entre cooperativas<\/option><option value=\"Comunicaci\u00f3n solidaria\"  class=\"choice-12 depth-1\"  >Comunicaci\u00f3n solidaria<\/option><option value=\"Ranking de crecimiento\"  class=\"choice-11 depth-1\"  >Ranking de crecimiento<\/option><option value=\"Promover lo local\"  class=\"choice-10 depth-1\"  >Promover lo local<\/option><option value=\"Tienda sostenible\"  class=\"choice-9 depth-1\"  >Tienda sostenible<\/option><option value=\"Educaci\u00f3n para los hijos de socios y colabores\"  class=\"choice-8 depth-1\"  >Educaci\u00f3n para los hijos de socios y colabores<\/option><option value=\"Programa de Mentor\u00eda\"  class=\"choice-7 depth-1\"  >Programa de Mentor\u00eda<\/option><option value=\"Ba\u00f1os Amigables con la Menstruaci\u00f3n\"  class=\"choice-20 depth-1\"  >Ba\u00f1os Amigables con la Menstruaci\u00f3n<\/option><option value=\"Programa de Tutor\u00eda para personas con NEAE\"  class=\"choice-19 depth-1\"  >Programa de Tutor\u00eda para personas con NEAE<\/option><option value=\"Days For Girls\"  class=\"choice-18 depth-1\"  >Days For Girls<\/option><option value=\"Compras conjuntas\"  class=\"choice-21 depth-1\"  >Compras conjuntas<\/option><option value=\"Colmena de datos\"  class=\"choice-22 depth-1\"  >Colmena de datos<\/option><option value=\"Grupo de conversaci\u00f3n en ingl\u00e9s\"  class=\"choice-23 depth-1\"  >Grupo de conversaci\u00f3n en ingl\u00e9s<\/option><option value=\"Espacio de lectura y conversaci\u00f3n\"  class=\"choice-24 depth-1\"  >Espacio de lectura y conversaci\u00f3n<\/option><\/select><\/div><div id=\"wpforms-5039-field_9-container\" class=\"wpforms-field wpforms-field-text\" data-field-id=\"9\"><label class=\"wpforms-field-label\" for=\"wpforms-5039-field_9\">N\u00famero o correo de contacto:<\/label><input type=\"text\" id=\"wpforms-5039-field_9\" class=\"wpforms-field-medium\" name=\"wpforms[fields][9]\" aria-errormessage=\"wpforms-5039-field_9-error\" ><\/div><script>\n\t\t\t\t( function() {\n\t\t\t\t\tconst style = document.createElement( 'style' );\n\t\t\t\t\tstyle.appendChild( document.createTextNode( '#wpforms-5039-field_1-container { position: absolute !important; overflow: hidden !important; display: inline !important; height: 1px !important; width: 1px !important; z-index: -1000 !important; padding: 0 !important; } #wpforms-5039-field_1-container input { visibility: hidden; } #wpforms-conversational-form-page #wpforms-5039-field_1-container label { counter-increment: none; }' ) );\n\t\t\t\t\tdocument.head.appendChild( style );\n\t\t\t\t\tdocument.currentScript?.remove();\n\t\t\t\t} )();\n\t\t\t<\/script><\/div><!-- .wpforms-field-container --><div class=\"wpforms-submit-container\" ><input type=\"hidden\" name=\"wpforms[id]\" value=\"5039\"><input type=\"hidden\" name=\"page_title\" value=\"\"><input type=\"hidden\" name=\"page_url\" value=\"https:\/\/fencoop.org.do\/index.php\/wp-json\/wp\/v2\/pages\/5023\"><input type=\"hidden\" name=\"url_referer\" value=\"\"><button type=\"submit\" name=\"wpforms[submit]\" id=\"wpforms-submit-5039\" class=\"wpforms-submit\" data-alt-text=\"Sending...\" data-submit-text=\"ENVIAR\" aria-live=\"assertive\" value=\"wpforms-submit\">ENVIAR<\/button><img decoding=\"async\" src=\"https:\/\/fencoop.org.do\/wp-content\/plugins\/wpforms-lite\/assets\/images\/submit-spin.svg\" class=\"wpforms-submit-spinner\" style=\"display: none;\" width=\"26\" height=\"26\" alt=\"Loading\"><\/div><\/form><\/div>  <!-- .wpforms-container -->\t\t\t\t<\/div>\n\t\t\t\t<\/div>\n\t\t\t\t\t<\/div>\n\t\t<\/div>\n\t\t\t\t\t<\/div>\n\t\t<\/section>\n\t\t\t\t<section class=\"elementor-section elementor-top-section elementor-element elementor-element-0a7d033 elementor-section-boxed elementor-section-height-default elementor-section-height-default\" data-id=\"0a7d033\" data-element_type=\"section\" data-e-type=\"section\" data-settings=\"{&quot;background_background&quot;:&quot;classic&quot;}\">\n\t\t\t\t\t\t<div class=\"elementor-container elementor-column-gap-default\">\n\t\t\t\t\t<div class=\"elementor-column elementor-col-100 elementor-top-column elementor-element elementor-element-6deb9f1\" data-id=\"6deb9f1\" data-element_type=\"column\" data-e-type=\"column\">\n\t\t\t<div class=\"elementor-widget-wrap elementor-element-populated\">\n\t\t\t\t\t\t<div class=\"elementor-element elementor-element-5f59455 elementor-widget elementor-widget-spacer\" data-id=\"5f59455\" data-element_type=\"widget\" data-e-type=\"widget\" data-widget_type=\"spacer.default\">\n\t\t\t\t<div class=\"elementor-widget-container\">\n\t\t\t\t\t\t\t<div class=\"elementor-spacer\">\n\t\t\t<div class=\"elementor-spacer-inner\"><\/div>\n\t\t<\/div>\n\t\t\t\t\t\t<\/div>\n\t\t\t\t<\/div>\n\t\t\t\t\t<\/div>\n\t\t<\/div>\n\t\t\t\t\t<\/div>\n\t\t<\/section>\n\t\t\t\t<\/div>\n\t\t","protected":false},"excerpt":{"rendered":"<p>FORMULARIO QUIERO IMPLEMENTARLO EN LA COOPERATIVA Please enable JavaScript in your browser to complete this form.Please enable JavaScript in your browser to complete this form.Nombre de la cooperativa:CoopAspireCoopBuenoCoopSanoCoopMamoncitoCoopMaim\u00f3nCoopCentralCoopEclofCoopEmpresarialCoopGapaCoopM\u00e9dicaCoop SanRafaelCootralcoaCoopGlobalCoopOrientalCoopSanJos\u00e9CoopProsperaMano SolidariaCoopUni\u00f3nCoopacreneCoopModernaNombre de la persona solicitando:Cargo en la cooperativa:ColaboradoresSocioDirectivoProvincia:AzuaBahorucoBarahonaDajab\u00f3nDistrito NacionalDuarteEl SeiboEl\u00edas Pi\u00f1aEspaillatHato MayorHermanas MirabalIndependenciaLa AltagraciaLa RomanaLa VegaMar\u00eda Trinidad S\u00e1nchezMonse\u00f1or NouelMonte PlataMontecristiPedernalesPeraviaPuerto PlataSaman\u00e1San Crist\u00f3balSan Jos\u00e9 de OcoaSan JuanSan [&hellip;]<\/p>\n","protected":false},"author":1,"featured_media":0,"parent":0,"menu_order":0,"comment_status":"closed","ping_status":"closed","template":"","meta":{"_eb_attr":"","site-sidebar-layout":"no-sidebar","site-content-layout":"page-builder","ast-site-content-layout":"full-width-container","site-content-style":"default","site-sidebar-style":"default","ast-global-header-display":"","ast-banner-title-visibility":"","ast-main-header-display":"","ast-hfb-above-header-display":"","ast-hfb-below-header-display":"","ast-hfb-mobile-header-display":"","site-post-title":"disabled","ast-breadcrumbs-content":"","ast-featured-img":"disabled","footer-sml-layout":"","theme-transparent-header-meta":"","adv-header-id-meta":"","stick-header-meta":"","header-above-stick-meta":"","header-main-stick-meta":"","header-below-stick-meta":"","astra-migrate-meta-layouts":"set","ast-page-background-enabled":"default","ast-page-background-meta":{"desktop":{"background-color":"var(--ast-global-color-4)","background-image":"","background-repeat":"repeat","background-position":"center center","background-size":"auto","background-attachment":"scroll","background-type":"","background-media":"","overlay-type":"","overlay-color":"","overlay-opacity":"","overlay-gradient":""},"tablet":{"background-color":"","background-image":"","background-repeat":"repeat","background-position":"center center","background-size":"auto","background-attachment":"scroll","background-type":"","background-media":"","overlay-type":"","overlay-color":"","overlay-opacity":"","overlay-gradient":""},"mobile":{"background-color":"","background-image":"","background-repeat":"repeat","background-position":"center center","background-size":"auto","background-attachment":"scroll","background-type":"","background-media":"","overlay-type":"","overlay-color":"","overlay-opacity":"","overlay-gradient":""}},"ast-content-background-meta":{"desktop":{"background-color":"var(--ast-global-color-5)","background-image":"","background-repeat":"repeat","background-position":"center center","background-size":"auto","background-attachment":"scroll","background-type":"","background-media":"","overlay-type":"","overlay-color":"","overlay-opacity":"","overlay-gradient":""},"tablet":{"background-color":"var(--ast-global-color-5)","background-image":"","background-repeat":"repeat","background-position":"center center","background-size":"auto","background-attachment":"scroll","background-type":"","background-media":"","overlay-type":"","overlay-color":"","overlay-opacity":"","overlay-gradient":""},"mobile":{"background-color":"var(--ast-global-color-5)","background-image":"","background-repeat":"repeat","background-position":"center center","background-size":"auto","background-attachment":"scroll","background-type":"","background-media":"","overlay-type":"","overlay-color":"","overlay-opacity":"","overlay-gradient":""}},"footnotes":""},"class_list":["post-5023","page","type-page","status-publish","hentry"],"_links":{"self":[{"href":"https:\/\/fencoop.org.do\/index.php\/wp-json\/wp\/v2\/pages\/5023","targetHints":{"allow":["GET"]}}],"collection":[{"href":"https:\/\/fencoop.org.do\/index.php\/wp-json\/wp\/v2\/pages"}],"about":[{"href":"https:\/\/fencoop.org.do\/index.php\/wp-json\/wp\/v2\/types\/page"}],"author":[{"embeddable":true,"href":"https:\/\/fencoop.org.do\/index.php\/wp-json\/wp\/v2\/users\/1"}],"replies":[{"embeddable":true,"href":"https:\/\/fencoop.org.do\/index.php\/wp-json\/wp\/v2\/comments?post=5023"}],"version-history":[{"count":25,"href":"https:\/\/fencoop.org.do\/index.php\/wp-json\/wp\/v2\/pages\/5023\/revisions"}],"predecessor-version":[{"id":5134,"href":"https:\/\/fencoop.org.do\/index.php\/wp-json\/wp\/v2\/pages\/5023\/revisions\/5134"}],"wp:attachment":[{"href":"https:\/\/fencoop.org.do\/index.php\/wp-json\/wp\/v2\/media?parent=5023"}],"curies":[{"name":"wp","href":"https:\/\/api.w.org\/{rel}","templated":true}]}}